{"id":49,"date":"2021-04-28T03:40:50","date_gmt":"2021-04-28T06:40:50","guid":{"rendered":"https:\/\/boingreciclagens.com.br\/site\/about\/"},"modified":"2024-05-27T19:43:23","modified_gmt":"2024-05-27T22:43:23","slug":"about","status":"publish","type":"page","link":"https:\/\/www.boingreciclagens.com.br\/site\/about\/","title":{"rendered":"Sobre N\u00f3s"},"content":{"rendered":"\n\n\n\n<h3>Miss\u00e3o<\/h3>\n<p class=\"MsoNormal\"><span style=\"font-size:16.0pt;font-family:&quot;Arial&quot;,sans-serif;\ncolor:black\">Comercializa\u00e7\u00e3o, prepara\u00e7\u00e3o e valoriza\u00e7\u00e3o de res\u00edduos industriais ferrosos.<o:p><\/o:p><\/span><\/p>\n\n\n\n\n\n\n\n\n\n\n\n\n\n\n\n\n\n\n\n\n\n\n\n\n\n\n\n\n\n<h3>Vis\u00e3o<\/h3>\n<p class=\"MsoNormal\"><span style=\"font-size:16.0pt;font-family:&quot;Arial&quot;,sans-serif;\ncolor:black\">Ser uma empresa reconhecida nacionalmente pela sua qualidade e inova\u00e7\u00e3o.<o:p><\/o:p><\/span><\/p>\n\n\n\n\n\n<h3>Valores<\/h3>\n<p class=\"MsoNormal\"><span style=\"font-size:16.0pt;font-family:&quot;Arial&quot;,sans-serif;\ncolor:black\">Respeito ao ser humano, \u00e0 vida e ao meio ambiente. Trabalhar com profissionalismo, honestidade, seguran\u00e7a, \u00e9tica e responsabilidade social.<o:p><\/o:p><\/span><\/p>\n\n\n\n\n\n\n\n\n\n\n\n\n\n\n\n\n\n\n\n\n\n\n\n\n\n\n\n\n\n\n<h3>Pol\u00edtica Integrada<\/h3>\n<p class=\"MsoNormal\"><span style=\"font-size: 21.3333px; color: rgb(0, 0, 0); font-family: Arial, sans-serif;\">COMERCIALIZAR E PREPARAR RES\u00cdDUOS FERROSOS E N\u00c3O FERROSOS com qualidade, satisfazendo as necessidades e as expectativas dos clientes e partes interessadas e promovendo melhorias cont\u00ednuas conforme requisitos da NBR ISO 9001 e 14001 no mercado nacional e internacional.<\/span><br><\/p><p class=\"MsoNormal\"><font color=\"#000000\" face=\"Arial, sans-serif\"><span style=\"font-size: 21.3333px;\"><o:p><\/o:p><\/span><\/font><\/p><p class=\"MsoNormal\"><font color=\"#000000\" face=\"Arial, sans-serif\"><span style=\"font-size: 21.3333px;\">Desenvolve a\u00e7\u00f5es de prote\u00e7\u00e3o e respeito ao meio ambiente com transpar\u00eancia buscando garantir a seguran\u00e7a e a sa\u00fade dos colaboradores incluindo cuidados na preven\u00e7\u00e3o com a polui\u00e7\u00e3o.<\/span><\/font><\/p>\n\n\n\n\n\n\n","protected":false},"excerpt":{"rendered":"","protected":false},"author":1,"featured_media":0,"parent":0,"menu_order":0,"comment_status":"closed","ping_status":"closed","template":"","meta":{"pagelayer_contact_templates":[],"_pagelayer_content":"","footnotes":""},"class_list":["post-49","page","type-page","status-publish","hentry"],"_links":{"self":[{"href":"https:\/\/www.boingreciclagens.com.br\/site\/wp-json\/wp\/v2\/pages\/49","targetHints":{"allow":["GET"]}}],"collection":[{"href":"https:\/\/www.boingreciclagens.com.br\/site\/wp-json\/wp\/v2\/pages"}],"about":[{"href":"https:\/\/www.boingreciclagens.com.br\/site\/wp-json\/wp\/v2\/types\/page"}],"author":[{"embeddable":true,"href":"https:\/\/www.boingreciclagens.com.br\/site\/wp-json\/wp\/v2\/users\/1"}],"replies":[{"embeddable":true,"href":"https:\/\/www.boingreciclagens.com.br\/site\/wp-json\/wp\/v2\/comments?post=49"}],"version-history":[{"count":34,"href":"https:\/\/www.boingreciclagens.com.br\/site\/wp-json\/wp\/v2\/pages\/49\/revisions"}],"predecessor-version":[{"id":231,"href":"https:\/\/www.boingreciclagens.com.br\/site\/wp-json\/wp\/v2\/pages\/49\/revisions\/231"}],"wp:attachment":[{"href":"https:\/\/www.boingreciclagens.com.br\/site\/wp-json\/wp\/v2\/media?parent=49"}],"curies":[{"name":"wp","href":"https:\/\/api.w.org\/{rel}","templated":true}]}}